{"id":35,"date":"2023-02-28T16:14:06","date_gmt":"2023-02-28T15:14:06","guid":{"rendered":"https:\/\/elpybbl.fr\/?page_id=35"},"modified":"2023-03-27T17:54:37","modified_gmt":"2023-03-27T15:54:37","slug":"les-equipes","status":"publish","type":"page","link":"https:\/\/elpybbl.fr\/index.php\/les-equipes\/","title":{"rendered":"LES \u00c9QUIPES"},"content":{"rendered":"\n<div class=\"wp-block-group\"><div class=\"wp-block-group__inner-container is-layout-constrained wp-block-group-is-layout-constrained\">\n<p>L&#8217;\u00e9lan pyr\u00e9n\u00e9en est un club de pr\u00e9s de 400 licenci\u00e9s avec toutes les cat\u00e9gories repr\u00e9sent\u00e9es.<\/p>\n<\/div><\/div>\n\n\n\n<figure class=\"wp-block-image size-full is-resized\"><img loading=\"lazy\" decoding=\"async\" src=\"http:\/\/elpybbl.fr\/wp-content\/uploads\/2023\/02\/artpng-9661.png\" alt=\"\" class=\"wp-image-51\" width=\"194\" height=\"194\" srcset=\"https:\/\/elpybbl.fr\/wp-content\/uploads\/2023\/02\/artpng-9661.png 445w, https:\/\/elpybbl.fr\/wp-content\/uploads\/2023\/02\/artpng-9661-300x300.png 300w, https:\/\/elpybbl.fr\/wp-content\/uploads\/2023\/02\/artpng-9661-150x150.png 150w, https:\/\/elpybbl.fr\/wp-content\/uploads\/2023\/02\/artpng-9661-75x75.png 75w\" sizes=\"auto, (max-width: 194px) 100vw, 194px\" \/><\/figure>\n\n\n\n<ul class=\"wp-block-list\">\n<li>Les s\u00e9niors :<\/li>\n<\/ul>\n\n\n\n<p><a href=\"https:\/\/elpybbl.fr\/index.php\/classement-senior-1\/\">Equipe 1<\/a> (D\u00e9partemental 1)<\/p>\n\n\n\n<p><a href=\"https:\/\/elpybbl.fr\/?page_id=68\">Equipe 2<\/a> (D\u00e9partemental 2)<\/p>\n\n\n\n<p><a href=\"https:\/\/elpybbl.fr\/index.php\/classement-senior-3\/\">Equipe 3<\/a> (D\u00e9partemental 4)<\/p>\n\n\n\n<figure class=\"wp-block-image size-full is-resized\"><img loading=\"lazy\" decoding=\"async\" src=\"https:\/\/elpybbl.fr\/wp-content\/uploads\/2023\/02\/logo-2.png\" alt=\"\" class=\"wp-image-55\" width=\"203\" height=\"167\" srcset=\"https:\/\/elpybbl.fr\/wp-content\/uploads\/2023\/02\/logo-2.png 725w, https:\/\/elpybbl.fr\/wp-content\/uploads\/2023\/02\/logo-2-300x246.png 300w\" sizes=\"auto, (max-width: 203px) 100vw, 203px\" \/><\/figure>\n\n\n\n<ul class=\"wp-block-list\">\n<li>Les jeunes \u00e0 11 :<\/li>\n<\/ul>\n\n\n\n<p><a href=\"https:\/\/elpybbl.fr\/index.php\/classement-u19\/\">U19<\/a> (Division 1)<\/p>\n\n\n\n<p><a href=\"https:\/\/elpybbl.fr\/index.php\/classement-u17\/\">U17<\/a> (D\u00e9partemental 1)<\/p>\n\n\n\n<p><a href=\"https:\/\/elpybbl.fr\/index.php\/classement-u15\/\">U15<\/a> (D\u00e9partemental 1 et foot \u00e0 8)<\/p>\n\n\n\n<figure class=\"wp-block-image size-full is-resized\"><img loading=\"lazy\" decoding=\"async\" src=\"https:\/\/elpybbl.fr\/wp-content\/uploads\/2023\/02\/60150267-mignon-caractere-vectoriel-enfant-qui-joue-au-football-enthousiaste-enfant-illustration-1.webp\" alt=\"\" class=\"wp-image-54\" width=\"205\" height=\"205\" srcset=\"https:\/\/elpybbl.fr\/wp-content\/uploads\/2023\/02\/60150267-mignon-caractere-vectoriel-enfant-qui-joue-au-football-enthousiaste-enfant-illustration-1.webp 450w, https:\/\/elpybbl.fr\/wp-content\/uploads\/2023\/02\/60150267-mignon-caractere-vectoriel-enfant-qui-joue-au-football-enthousiaste-enfant-illustration-1-300x300.webp 300w, https:\/\/elpybbl.fr\/wp-content\/uploads\/2023\/02\/60150267-mignon-caractere-vectoriel-enfant-qui-joue-au-football-enthousiaste-enfant-illustration-1-150x150.webp 150w, https:\/\/elpybbl.fr\/wp-content\/uploads\/2023\/02\/60150267-mignon-caractere-vectoriel-enfant-qui-joue-au-football-enthousiaste-enfant-illustration-1-75x75.webp 75w\" sizes=\"auto, (max-width: 205px) 100vw, 205px\" \/><\/figure>\n\n\n\n<ul class=\"wp-block-list\">\n<li>L&#8217;\u00e9cole de foot<\/li>\n<\/ul>\n\n\n\n<p>U12\/U13<\/p>\n\n\n\n<p>U10\/U11<\/p>\n\n\n\n<p>U8\/U9<\/p>\n\n\n\n<p>U6\/U7<\/p>\n\n\n\n<p>Baby foot<\/p>\n","protected":false},"excerpt":{"rendered":"<p>L&#8217;\u00e9lan pyr\u00e9n\u00e9en est un club de pr\u00e9s de 400 licenci\u00e9s avec toutes les cat\u00e9gories repr\u00e9sent\u00e9es. Equipe 1 (D\u00e9partemental 1) Equipe 2 (D\u00e9partemental 2) Equipe 3 (D\u00e9partemental 4) U19 (Division 1) U17 (D\u00e9partemental 1) U15 (D\u00e9partemental 1 et foot \u00e0 8) U12\/U13 U10\/U11 U8\/U9 U6\/U7 Baby foot<\/p>\n","protected":false},"author":9,"featured_media":0,"parent":0,"menu_order":0,"comment_status":"closed","ping_status":"closed","template":"","meta":{"footnotes":""},"class_list":["post-35","page","type-page","status-publish","hentry"],"yoast_head":"<!-- This site is optimized with the Yoast SEO plugin v26.5 - https:\/\/yoast.com\/wordpress\/plugins\/seo\/ -->\n<title>LES \u00c9QUIPES - ELPY BBL<\/title>\n<meta name=\"robots\" content=\"index, follow, max-snippet:-1, max-image-preview:large, max-video-preview:-1\" \/>\n<link rel=\"canonical\" href=\"https:\/\/elpybbl.fr\/index.php\/les-equipes\/\" \/>\n<meta property=\"og:locale\" content=\"fr_FR\" \/>\n<meta property=\"og:type\" content=\"article\" \/>\n<meta property=\"og:title\" content=\"LES \u00c9QUIPES - ELPY BBL\" \/>\n<meta property=\"og:description\" content=\"L&#8217;\u00e9lan pyr\u00e9n\u00e9en est un club de pr\u00e9s de 400 licenci\u00e9s avec toutes les cat\u00e9gories repr\u00e9sent\u00e9es. Equipe 1 (D\u00e9partemental 1) Equipe 2 (D\u00e9partemental 2) Equipe 3 (D\u00e9partemental 4) U19 (Division 1) U17 (D\u00e9partemental 1) U15 (D\u00e9partemental 1 et foot \u00e0 8) U12\/U13 U10\/U11 U8\/U9 U6\/U7 Baby foot\" \/>\n<meta property=\"og:url\" content=\"https:\/\/elpybbl.fr\/index.php\/les-equipes\/\" \/>\n<meta property=\"og:site_name\" content=\"ELPY BBL\" \/>\n<meta property=\"article:modified_time\" content=\"2023-03-27T15:54:37+00:00\" \/>\n<meta property=\"og:image\" content=\"http:\/\/elpybbl.fr\/wp-content\/uploads\/2023\/02\/artpng-9661.png\" \/>\n<meta name=\"twitter:card\" content=\"summary_large_image\" \/>\n<script type=\"application\/ld+json\" class=\"yoast-schema-graph\">{\"@context\":\"https:\/\/schema.org\",\"@graph\":[{\"@type\":\"WebPage\",\"@id\":\"https:\/\/elpybbl.fr\/index.php\/les-equipes\/\",\"url\":\"https:\/\/elpybbl.fr\/index.php\/les-equipes\/\",\"name\":\"LES \u00c9QUIPES - ELPY BBL\",\"isPartOf\":{\"@id\":\"http:\/\/elpybbl.fr\/#website\"},\"primaryImageOfPage\":{\"@id\":\"https:\/\/elpybbl.fr\/index.php\/les-equipes\/#primaryimage\"},\"image\":{\"@id\":\"https:\/\/elpybbl.fr\/index.php\/les-equipes\/#primaryimage\"},\"thumbnailUrl\":\"http:\/\/elpybbl.fr\/wp-content\/uploads\/2023\/02\/artpng-9661.png\",\"datePublished\":\"2023-02-28T15:14:06+00:00\",\"dateModified\":\"2023-03-27T15:54:37+00:00\",\"breadcrumb\":{\"@id\":\"https:\/\/elpybbl.fr\/index.php\/les-equipes\/#breadcrumb\"},\"inLanguage\":\"fr-FR\",\"potentialAction\":[{\"@type\":\"ReadAction\",\"target\":[\"https:\/\/elpybbl.fr\/index.php\/les-equipes\/\"]}]},{\"@type\":\"ImageObject\",\"inLanguage\":\"fr-FR\",\"@id\":\"https:\/\/elpybbl.fr\/index.php\/les-equipes\/#primaryimage\",\"url\":\"http:\/\/elpybbl.fr\/wp-content\/uploads\/2023\/02\/artpng-9661.png\",\"contentUrl\":\"http:\/\/elpybbl.fr\/wp-content\/uploads\/2023\/02\/artpng-9661.png\"},{\"@type\":\"BreadcrumbList\",\"@id\":\"https:\/\/elpybbl.fr\/index.php\/les-equipes\/#breadcrumb\",\"itemListElement\":[{\"@type\":\"ListItem\",\"position\":1,\"name\":\"Accueil\",\"item\":\"http:\/\/elpybbl.fr\/\"},{\"@type\":\"ListItem\",\"position\":2,\"name\":\"LES \u00c9QUIPES\"}]},{\"@type\":\"WebSite\",\"@id\":\"http:\/\/elpybbl.fr\/#website\",\"url\":\"http:\/\/elpybbl.fr\/\",\"name\":\"ELPY BBL\",\"description\":\"Site officiel du club de l&#039;Elan Pyr\u00e9n\u00e9en\",\"publisher\":{\"@id\":\"http:\/\/elpybbl.fr\/#organization\"},\"potentialAction\":[{\"@type\":\"SearchAction\",\"target\":{\"@type\":\"EntryPoint\",\"urlTemplate\":\"http:\/\/elpybbl.fr\/?s={search_term_string}\"},\"query-input\":{\"@type\":\"PropertyValueSpecification\",\"valueRequired\":true,\"valueName\":\"search_term_string\"}}],\"inLanguage\":\"fr-FR\"},{\"@type\":\"Organization\",\"@id\":\"http:\/\/elpybbl.fr\/#organization\",\"name\":\"ELPY BBL\",\"url\":\"http:\/\/elpybbl.fr\/\",\"logo\":{\"@type\":\"ImageObject\",\"inLanguage\":\"fr-FR\",\"@id\":\"http:\/\/elpybbl.fr\/#\/schema\/logo\/image\/\",\"url\":\"https:\/\/elpybbl.fr\/wp-content\/uploads\/2023\/02\/cropped-cropped-inbound9038367771345609150.jpg\",\"contentUrl\":\"https:\/\/elpybbl.fr\/wp-content\/uploads\/2023\/02\/cropped-cropped-inbound9038367771345609150.jpg\",\"width\":512,\"height\":512,\"caption\":\"ELPY BBL\"},\"image\":{\"@id\":\"http:\/\/elpybbl.fr\/#\/schema\/logo\/image\/\"}}]}<\/script>\n<!-- \/ Yoast SEO plugin. -->","yoast_head_json":{"title":"LES \u00c9QUIPES - ELPY BBL","robots":{"index":"index","follow":"follow","max-snippet":"max-snippet:-1","max-image-preview":"max-image-preview:large","max-video-preview":"max-video-preview:-1"},"canonical":"https:\/\/elpybbl.fr\/index.php\/les-equipes\/","og_locale":"fr_FR","og_type":"article","og_title":"LES \u00c9QUIPES - ELPY BBL","og_description":"L&#8217;\u00e9lan pyr\u00e9n\u00e9en est un club de pr\u00e9s de 400 licenci\u00e9s avec toutes les cat\u00e9gories repr\u00e9sent\u00e9es. Equipe 1 (D\u00e9partemental 1) Equipe 2 (D\u00e9partemental 2) Equipe 3 (D\u00e9partemental 4) U19 (Division 1) U17 (D\u00e9partemental 1) U15 (D\u00e9partemental 1 et foot \u00e0 8) U12\/U13 U10\/U11 U8\/U9 U6\/U7 Baby foot","og_url":"https:\/\/elpybbl.fr\/index.php\/les-equipes\/","og_site_name":"ELPY BBL","article_modified_time":"2023-03-27T15:54:37+00:00","og_image":[{"url":"http:\/\/elpybbl.fr\/wp-content\/uploads\/2023\/02\/artpng-9661.png","type":"","width":"","height":""}],"twitter_card":"summary_large_image","schema":{"@context":"https:\/\/schema.org","@graph":[{"@type":"WebPage","@id":"https:\/\/elpybbl.fr\/index.php\/les-equipes\/","url":"https:\/\/elpybbl.fr\/index.php\/les-equipes\/","name":"LES \u00c9QUIPES - ELPY BBL","isPartOf":{"@id":"http:\/\/elpybbl.fr\/#website"},"primaryImageOfPage":{"@id":"https:\/\/elpybbl.fr\/index.php\/les-equipes\/#primaryimage"},"image":{"@id":"https:\/\/elpybbl.fr\/index.php\/les-equipes\/#primaryimage"},"thumbnailUrl":"http:\/\/elpybbl.fr\/wp-content\/uploads\/2023\/02\/artpng-9661.png","datePublished":"2023-02-28T15:14:06+00:00","dateModified":"2023-03-27T15:54:37+00:00","breadcrumb":{"@id":"https:\/\/elpybbl.fr\/index.php\/les-equipes\/#breadcrumb"},"inLanguage":"fr-FR","potentialAction":[{"@type":"ReadAction","target":["https:\/\/elpybbl.fr\/index.php\/les-equipes\/"]}]},{"@type":"ImageObject","inLanguage":"fr-FR","@id":"https:\/\/elpybbl.fr\/index.php\/les-equipes\/#primaryimage","url":"http:\/\/elpybbl.fr\/wp-content\/uploads\/2023\/02\/artpng-9661.png","contentUrl":"http:\/\/elpybbl.fr\/wp-content\/uploads\/2023\/02\/artpng-9661.png"},{"@type":"BreadcrumbList","@id":"https:\/\/elpybbl.fr\/index.php\/les-equipes\/#breadcrumb","itemListElement":[{"@type":"ListItem","position":1,"name":"Accueil","item":"http:\/\/elpybbl.fr\/"},{"@type":"ListItem","position":2,"name":"LES \u00c9QUIPES"}]},{"@type":"WebSite","@id":"http:\/\/elpybbl.fr\/#website","url":"http:\/\/elpybbl.fr\/","name":"ELPY BBL","description":"Site officiel du club de l&#039;Elan Pyr\u00e9n\u00e9en","publisher":{"@id":"http:\/\/elpybbl.fr\/#organization"},"potentialAction":[{"@type":"SearchAction","target":{"@type":"EntryPoint","urlTemplate":"http:\/\/elpybbl.fr\/?s={search_term_string}"},"query-input":{"@type":"PropertyValueSpecification","valueRequired":true,"valueName":"search_term_string"}}],"inLanguage":"fr-FR"},{"@type":"Organization","@id":"http:\/\/elpybbl.fr\/#organization","name":"ELPY BBL","url":"http:\/\/elpybbl.fr\/","logo":{"@type":"ImageObject","inLanguage":"fr-FR","@id":"http:\/\/elpybbl.fr\/#\/schema\/logo\/image\/","url":"https:\/\/elpybbl.fr\/wp-content\/uploads\/2023\/02\/cropped-cropped-inbound9038367771345609150.jpg","contentUrl":"https:\/\/elpybbl.fr\/wp-content\/uploads\/2023\/02\/cropped-cropped-inbound9038367771345609150.jpg","width":512,"height":512,"caption":"ELPY BBL"},"image":{"@id":"http:\/\/elpybbl.fr\/#\/schema\/logo\/image\/"}}]}},"_links":{"self":[{"href":"https:\/\/elpybbl.fr\/index.php\/wp-json\/wp\/v2\/pages\/35","targetHints":{"allow":["GET"]}}],"collection":[{"href":"https:\/\/elpybbl.fr\/index.php\/wp-json\/wp\/v2\/pages"}],"about":[{"href":"https:\/\/elpybbl.fr\/index.php\/wp-json\/wp\/v2\/types\/page"}],"author":[{"embeddable":true,"href":"https:\/\/elpybbl.fr\/index.php\/wp-json\/wp\/v2\/users\/9"}],"replies":[{"embeddable":true,"href":"https:\/\/elpybbl.fr\/index.php\/wp-json\/wp\/v2\/comments?post=35"}],"version-history":[{"count":9,"href":"https:\/\/elpybbl.fr\/index.php\/wp-json\/wp\/v2\/pages\/35\/revisions"}],"predecessor-version":[{"id":129,"href":"https:\/\/elpybbl.fr\/index.php\/wp-json\/wp\/v2\/pages\/35\/revisions\/129"}],"wp:attachment":[{"href":"https:\/\/elpybbl.fr\/index.php\/wp-json\/wp\/v2\/media?parent=35"}],"curies":[{"name":"wp","href":"https:\/\/api.w.org\/{rel}","templated":true}]}}