{"id":36,"date":"2023-02-28T16:14:06","date_gmt":"2023-02-28T15:14:06","guid":{"rendered":"https:\/\/elpybbl.fr\/?page_id=36"},"modified":"2023-04-12T15:52:07","modified_gmt":"2023-04-12T13:52:07","slug":"contact","status":"publish","type":"page","link":"https:\/\/elpybbl.fr\/index.php\/contact\/","title":{"rendered":"Contact"},"content":{"rendered":"\n<div class=\"wp-block-group\"><div class=\"wp-block-group__inner-container is-layout-constrained wp-block-group-is-layout-constrained\">\n<p><strong>Contactez nous !<\/strong><\/p>\n<\/div><\/div>\n\n\n\n<p><strong>Correspondant <\/strong>: C\u00e9dric BERTAILS T\u00e9l. : 06 68 80 80 04<\/p>\n\n\n\n<p> &#8211;<\/p>\n\n\n\n<p><strong>Coordinateur sportif<\/strong> : Julien MAUHOURAT T\u00e9l. : 06 62 93 05 99<\/p>\n\n\n\n<p> &#8211;<\/p>\n\n\n\n<p><strong>Responsable P\u00f4le formation<\/strong> : Julien MAUHOURAT T\u00e9l. : 06 62 93 05 99<\/p>\n\n\n\n<p> &#8211;<\/p>\n\n\n\n<p><strong>Responsable communication<\/strong> : Sandrine MATHIEU T\u00e9l. : 06 16 17 39 83<\/p>\n\n\n\n<p>&#8211;<\/p>\n\n\n\n<p>Vous pouvez aussi contacter directement l&#8217;entraineur de votre cat\u00e9gorie ou celle de votre enfant.<\/p>\n\n\n\n<figure class=\"wp-block-image size-large\"><img loading=\"lazy\" decoding=\"async\" width=\"1024\" height=\"697\" src=\"http:\/\/elpybbl.fr\/wp-content\/uploads\/2023\/03\/IMG_E2212-1024x697.jpg\" alt=\"\" class=\"wp-image-187\" srcset=\"https:\/\/elpybbl.fr\/wp-content\/uploads\/2023\/03\/IMG_E2212-1024x697.jpg 1024w, https:\/\/elpybbl.fr\/wp-content\/uploads\/2023\/03\/IMG_E2212-300x204.jpg 300w, https:\/\/elpybbl.fr\/wp-content\/uploads\/2023\/03\/IMG_E2212-768x523.jpg 768w, https:\/\/elpybbl.fr\/wp-content\/uploads\/2023\/03\/IMG_E2212-1536x1046.jpg 1536w, https:\/\/elpybbl.fr\/wp-content\/uploads\/2023\/03\/IMG_E2212-2048x1395.jpg 2048w, https:\/\/elpybbl.fr\/wp-content\/uploads\/2023\/03\/IMG_E2212-1140x776.jpg 1140w\" sizes=\"auto, (max-width: 1024px) 100vw, 1024px\" \/><\/figure>\n","protected":false},"excerpt":{"rendered":"<p>Contactez nous ! Correspondant : C\u00e9dric BERTAILS T\u00e9l. : 06 68 80 80 04 &#8211; Coordinateur sportif : Julien MAUHOURAT T\u00e9l. : 06 62 93 05 99 &#8211; Responsable P\u00f4le formation : Julien MAUHOURAT T\u00e9l. : 06 62 93 05 99 &#8211; Responsable communication : Sandrine MATHIEU T\u00e9l. : 06 16 17 39 83 &#8211; Vous pouvez aussi contacter directement l&#8217;entraineur de votre cat\u00e9gorie ou celle de votre enfant.<\/p>\n","protected":false},"author":9,"featured_media":0,"parent":0,"menu_order":0,"comment_status":"closed","ping_status":"closed","template":"","meta":{"footnotes":""},"class_list":["post-36","page","type-page","status-publish","hentry"],"yoast_head":"<!-- This site is optimized with the Yoast SEO plugin v26.5 - https:\/\/yoast.com\/wordpress\/plugins\/seo\/ -->\n<title>Contact - ELPY BBL<\/title>\n<meta name=\"robots\" content=\"index, follow, max-snippet:-1, max-image-preview:large, max-video-preview:-1\" \/>\n<link rel=\"canonical\" href=\"https:\/\/elpybbl.fr\/index.php\/contact\/\" \/>\n<meta property=\"og:locale\" content=\"fr_FR\" \/>\n<meta property=\"og:type\" content=\"article\" \/>\n<meta property=\"og:title\" content=\"Contact - ELPY BBL\" \/>\n<meta property=\"og:description\" content=\"Contactez nous ! Correspondant : C\u00e9dric BERTAILS T\u00e9l. : 06 68 80 80 04 &#8211; Coordinateur sportif : Julien MAUHOURAT T\u00e9l. : 06 62 93 05 99 &#8211; Responsable P\u00f4le formation : Julien MAUHOURAT T\u00e9l. : 06 62 93 05 99 &#8211; Responsable communication : Sandrine MATHIEU T\u00e9l. : 06 16 17 39 83 &#8211; Vous pouvez aussi contacter directement l&#8217;entraineur de votre cat\u00e9gorie ou celle de votre enfant.\" \/>\n<meta property=\"og:url\" content=\"https:\/\/elpybbl.fr\/index.php\/contact\/\" \/>\n<meta property=\"og:site_name\" content=\"ELPY BBL\" \/>\n<meta property=\"article:modified_time\" content=\"2023-04-12T13:52:07+00:00\" \/>\n<meta property=\"og:image\" content=\"http:\/\/elpybbl.fr\/wp-content\/uploads\/2023\/03\/IMG_E2212-1024x697.jpg\" \/>\n<meta name=\"twitter:card\" content=\"summary_large_image\" \/>\n<script type=\"application\/ld+json\" class=\"yoast-schema-graph\">{\"@context\":\"https:\/\/schema.org\",\"@graph\":[{\"@type\":\"WebPage\",\"@id\":\"https:\/\/elpybbl.fr\/index.php\/contact\/\",\"url\":\"https:\/\/elpybbl.fr\/index.php\/contact\/\",\"name\":\"Contact - ELPY BBL\",\"isPartOf\":{\"@id\":\"http:\/\/elpybbl.fr\/#website\"},\"primaryImageOfPage\":{\"@id\":\"https:\/\/elpybbl.fr\/index.php\/contact\/#primaryimage\"},\"image\":{\"@id\":\"https:\/\/elpybbl.fr\/index.php\/contact\/#primaryimage\"},\"thumbnailUrl\":\"http:\/\/elpybbl.fr\/wp-content\/uploads\/2023\/03\/IMG_E2212-1024x697.jpg\",\"datePublished\":\"2023-02-28T15:14:06+00:00\",\"dateModified\":\"2023-04-12T13:52:07+00:00\",\"breadcrumb\":{\"@id\":\"https:\/\/elpybbl.fr\/index.php\/contact\/#breadcrumb\"},\"inLanguage\":\"fr-FR\",\"potentialAction\":[{\"@type\":\"ReadAction\",\"target\":[\"https:\/\/elpybbl.fr\/index.php\/contact\/\"]}]},{\"@type\":\"ImageObject\",\"inLanguage\":\"fr-FR\",\"@id\":\"https:\/\/elpybbl.fr\/index.php\/contact\/#primaryimage\",\"url\":\"http:\/\/elpybbl.fr\/wp-content\/uploads\/2023\/03\/IMG_E2212-1024x697.jpg\",\"contentUrl\":\"http:\/\/elpybbl.fr\/wp-content\/uploads\/2023\/03\/IMG_E2212-1024x697.jpg\"},{\"@type\":\"BreadcrumbList\",\"@id\":\"https:\/\/elpybbl.fr\/index.php\/contact\/#breadcrumb\",\"itemListElement\":[{\"@type\":\"ListItem\",\"position\":1,\"name\":\"Accueil\",\"item\":\"http:\/\/elpybbl.fr\/\"},{\"@type\":\"ListItem\",\"position\":2,\"name\":\"Contact\"}]},{\"@type\":\"WebSite\",\"@id\":\"http:\/\/elpybbl.fr\/#website\",\"url\":\"http:\/\/elpybbl.fr\/\",\"name\":\"ELPY BBL\",\"description\":\"Site officiel du club de l&#039;Elan Pyr\u00e9n\u00e9en\",\"publisher\":{\"@id\":\"http:\/\/elpybbl.fr\/#organization\"},\"potentialAction\":[{\"@type\":\"SearchAction\",\"target\":{\"@type\":\"EntryPoint\",\"urlTemplate\":\"http:\/\/elpybbl.fr\/?s={search_term_string}\"},\"query-input\":{\"@type\":\"PropertyValueSpecification\",\"valueRequired\":true,\"valueName\":\"search_term_string\"}}],\"inLanguage\":\"fr-FR\"},{\"@type\":\"Organization\",\"@id\":\"http:\/\/elpybbl.fr\/#organization\",\"name\":\"ELPY BBL\",\"url\":\"http:\/\/elpybbl.fr\/\",\"logo\":{\"@type\":\"ImageObject\",\"inLanguage\":\"fr-FR\",\"@id\":\"http:\/\/elpybbl.fr\/#\/schema\/logo\/image\/\",\"url\":\"https:\/\/elpybbl.fr\/wp-content\/uploads\/2023\/02\/cropped-cropped-inbound9038367771345609150.jpg\",\"contentUrl\":\"https:\/\/elpybbl.fr\/wp-content\/uploads\/2023\/02\/cropped-cropped-inbound9038367771345609150.jpg\",\"width\":512,\"height\":512,\"caption\":\"ELPY BBL\"},\"image\":{\"@id\":\"http:\/\/elpybbl.fr\/#\/schema\/logo\/image\/\"}}]}<\/script>\n<!-- \/ Yoast SEO plugin. -->","yoast_head_json":{"title":"Contact - ELPY BBL","robots":{"index":"index","follow":"follow","max-snippet":"max-snippet:-1","max-image-preview":"max-image-preview:large","max-video-preview":"max-video-preview:-1"},"canonical":"https:\/\/elpybbl.fr\/index.php\/contact\/","og_locale":"fr_FR","og_type":"article","og_title":"Contact - ELPY BBL","og_description":"Contactez nous ! Correspondant : C\u00e9dric BERTAILS T\u00e9l. : 06 68 80 80 04 &#8211; Coordinateur sportif : Julien MAUHOURAT T\u00e9l. : 06 62 93 05 99 &#8211; Responsable P\u00f4le formation : Julien MAUHOURAT T\u00e9l. : 06 62 93 05 99 &#8211; Responsable communication : Sandrine MATHIEU T\u00e9l. : 06 16 17 39 83 &#8211; Vous pouvez aussi contacter directement l&#8217;entraineur de votre cat\u00e9gorie ou celle de votre enfant.","og_url":"https:\/\/elpybbl.fr\/index.php\/contact\/","og_site_name":"ELPY BBL","article_modified_time":"2023-04-12T13:52:07+00:00","og_image":[{"url":"http:\/\/elpybbl.fr\/wp-content\/uploads\/2023\/03\/IMG_E2212-1024x697.jpg","type":"","width":"","height":""}],"twitter_card":"summary_large_image","schema":{"@context":"https:\/\/schema.org","@graph":[{"@type":"WebPage","@id":"https:\/\/elpybbl.fr\/index.php\/contact\/","url":"https:\/\/elpybbl.fr\/index.php\/contact\/","name":"Contact - ELPY BBL","isPartOf":{"@id":"http:\/\/elpybbl.fr\/#website"},"primaryImageOfPage":{"@id":"https:\/\/elpybbl.fr\/index.php\/contact\/#primaryimage"},"image":{"@id":"https:\/\/elpybbl.fr\/index.php\/contact\/#primaryimage"},"thumbnailUrl":"http:\/\/elpybbl.fr\/wp-content\/uploads\/2023\/03\/IMG_E2212-1024x697.jpg","datePublished":"2023-02-28T15:14:06+00:00","dateModified":"2023-04-12T13:52:07+00:00","breadcrumb":{"@id":"https:\/\/elpybbl.fr\/index.php\/contact\/#breadcrumb"},"inLanguage":"fr-FR","potentialAction":[{"@type":"ReadAction","target":["https:\/\/elpybbl.fr\/index.php\/contact\/"]}]},{"@type":"ImageObject","inLanguage":"fr-FR","@id":"https:\/\/elpybbl.fr\/index.php\/contact\/#primaryimage","url":"http:\/\/elpybbl.fr\/wp-content\/uploads\/2023\/03\/IMG_E2212-1024x697.jpg","contentUrl":"http:\/\/elpybbl.fr\/wp-content\/uploads\/2023\/03\/IMG_E2212-1024x697.jpg"},{"@type":"BreadcrumbList","@id":"https:\/\/elpybbl.fr\/index.php\/contact\/#breadcrumb","itemListElement":[{"@type":"ListItem","position":1,"name":"Accueil","item":"http:\/\/elpybbl.fr\/"},{"@type":"ListItem","position":2,"name":"Contact"}]},{"@type":"WebSite","@id":"http:\/\/elpybbl.fr\/#website","url":"http:\/\/elpybbl.fr\/","name":"ELPY BBL","description":"Site officiel du club de l&#039;Elan Pyr\u00e9n\u00e9en","publisher":{"@id":"http:\/\/elpybbl.fr\/#organization"},"potentialAction":[{"@type":"SearchAction","target":{"@type":"EntryPoint","urlTemplate":"http:\/\/elpybbl.fr\/?s={search_term_string}"},"query-input":{"@type":"PropertyValueSpecification","valueRequired":true,"valueName":"search_term_string"}}],"inLanguage":"fr-FR"},{"@type":"Organization","@id":"http:\/\/elpybbl.fr\/#organization","name":"ELPY BBL","url":"http:\/\/elpybbl.fr\/","logo":{"@type":"ImageObject","inLanguage":"fr-FR","@id":"http:\/\/elpybbl.fr\/#\/schema\/logo\/image\/","url":"https:\/\/elpybbl.fr\/wp-content\/uploads\/2023\/02\/cropped-cropped-inbound9038367771345609150.jpg","contentUrl":"https:\/\/elpybbl.fr\/wp-content\/uploads\/2023\/02\/cropped-cropped-inbound9038367771345609150.jpg","width":512,"height":512,"caption":"ELPY BBL"},"image":{"@id":"http:\/\/elpybbl.fr\/#\/schema\/logo\/image\/"}}]}},"_links":{"self":[{"href":"https:\/\/elpybbl.fr\/index.php\/wp-json\/wp\/v2\/pages\/36","targetHints":{"allow":["GET"]}}],"collection":[{"href":"https:\/\/elpybbl.fr\/index.php\/wp-json\/wp\/v2\/pages"}],"about":[{"href":"https:\/\/elpybbl.fr\/index.php\/wp-json\/wp\/v2\/types\/page"}],"author":[{"embeddable":true,"href":"https:\/\/elpybbl.fr\/index.php\/wp-json\/wp\/v2\/users\/9"}],"replies":[{"embeddable":true,"href":"https:\/\/elpybbl.fr\/index.php\/wp-json\/wp\/v2\/comments?post=36"}],"version-history":[{"count":8,"href":"https:\/\/elpybbl.fr\/index.php\/wp-json\/wp\/v2\/pages\/36\/revisions"}],"predecessor-version":[{"id":209,"href":"https:\/\/elpybbl.fr\/index.php\/wp-json\/wp\/v2\/pages\/36\/revisions\/209"}],"wp:attachment":[{"href":"https:\/\/elpybbl.fr\/index.php\/wp-json\/wp\/v2\/media?parent=36"}],"curies":[{"name":"wp","href":"https:\/\/api.w.org\/{rel}","templated":true}]}}