{"id":70,"date":"2023-03-16T16:13:42","date_gmt":"2023-03-16T15:13:42","guid":{"rendered":"https:\/\/elpybbl.fr\/?page_id=70"},"modified":"2023-05-24T21:24:34","modified_gmt":"2023-05-24T19:24:34","slug":"classement-senior-3","status":"publish","type":"page","link":"https:\/\/elpybbl.fr\/index.php\/classement-senior-3\/","title":{"rendered":"Classement Seniors 3"},"content":{"rendered":"<p><iframe id=\"646e62806ad1f208c7ca2e2d\" height=\"300\" src=\"https:\/\/v1.scorenco.com\/widget\/646e62806ad1f208c7ca2e2d\/\" style=\"display: block; width: 100%; overflow: auto; margin: auto; border-width: 0px;\"><\/iframe><a style=\"font-size:11px\" target=\"_blank\" href=\"https:\/\/v1.scorenco.com\/football\/clubs\/elan-pyreneen-bazet-borderes-lagarde\/\" rel=\"noopener\">Elan Pyr\u00e9n\u00e9en Bazet Bord\u00e8res Lagarde sur Score&#8217;n&#8217;co<\/a>><\/p>\n\n\n\n<p>L&#8217;\u00e9quipe 3 de L&#8217;ELPY \u00e9volue en d\u00e9partemental 4 et est dirig\u00e9e par Cyril CUBERTAFON.<\/p>\n\n\n\n<p>Contact : seniors3@elpybbl.fr<\/p>\n","protected":false},"excerpt":{"rendered":"<p>L&#8217;\u00e9quipe 3 de L&#8217;ELPY \u00e9volue en d\u00e9partemental 4 et est dirig\u00e9e par Cyril CUBERTAFON. Contact : seniors3@elpybbl.fr<\/p>\n","protected":false},"author":2,"featured_media":0,"parent":0,"menu_order":0,"comment_status":"closed","ping_status":"closed","template":"","meta":{"footnotes":""},"class_list":["post-70","page","type-page","status-publish","hentry"],"yoast_head":"<!-- This site is optimized with the Yoast SEO plugin v26.5 - https:\/\/yoast.com\/wordpress\/plugins\/seo\/ -->\n<title>Classement Seniors 3 - ELPY BBL<\/title>\n<meta name=\"robots\" content=\"index, follow, max-snippet:-1, max-image-preview:large, max-video-preview:-1\" \/>\n<link rel=\"canonical\" href=\"http:\/\/elpybbl.fr\/index.php\/classement-senior-3\/\" \/>\n<meta property=\"og:locale\" content=\"fr_FR\" \/>\n<meta property=\"og:type\" content=\"article\" \/>\n<meta property=\"og:title\" content=\"Classement Seniors 3 - ELPY BBL\" \/>\n<meta property=\"og:description\" content=\"L&#8217;\u00e9quipe 3 de L&#8217;ELPY \u00e9volue en d\u00e9partemental 4 et est dirig\u00e9e par Cyril CUBERTAFON. Contact : seniors3@elpybbl.fr\" \/>\n<meta property=\"og:url\" content=\"http:\/\/elpybbl.fr\/index.php\/classement-senior-3\/\" \/>\n<meta property=\"og:site_name\" content=\"ELPY BBL\" \/>\n<meta property=\"article:modified_time\" content=\"2023-05-24T19:24:34+00:00\" \/>\n<meta name=\"twitter:card\" content=\"summary_large_image\" \/>\n<script type=\"application\/ld+json\" class=\"yoast-schema-graph\">{\"@context\":\"https:\/\/schema.org\",\"@graph\":[{\"@type\":\"WebPage\",\"@id\":\"http:\/\/elpybbl.fr\/index.php\/classement-senior-3\/\",\"url\":\"http:\/\/elpybbl.fr\/index.php\/classement-senior-3\/\",\"name\":\"Classement Seniors 3 - ELPY BBL\",\"isPartOf\":{\"@id\":\"http:\/\/elpybbl.fr\/#website\"},\"datePublished\":\"2023-03-16T15:13:42+00:00\",\"dateModified\":\"2023-05-24T19:24:34+00:00\",\"breadcrumb\":{\"@id\":\"http:\/\/elpybbl.fr\/index.php\/classement-senior-3\/#breadcrumb\"},\"inLanguage\":\"fr-FR\",\"potentialAction\":[{\"@type\":\"ReadAction\",\"target\":[\"http:\/\/elpybbl.fr\/index.php\/classement-senior-3\/\"]}]},{\"@type\":\"BreadcrumbList\",\"@id\":\"http:\/\/elpybbl.fr\/index.php\/classement-senior-3\/#breadcrumb\",\"itemListElement\":[{\"@type\":\"ListItem\",\"position\":1,\"name\":\"Accueil\",\"item\":\"http:\/\/elpybbl.fr\/\"},{\"@type\":\"ListItem\",\"position\":2,\"name\":\"Classement Seniors 3\"}]},{\"@type\":\"WebSite\",\"@id\":\"http:\/\/elpybbl.fr\/#website\",\"url\":\"http:\/\/elpybbl.fr\/\",\"name\":\"ELPY BBL\",\"description\":\"Site officiel du club de l&#039;Elan Pyr\u00e9n\u00e9en\",\"publisher\":{\"@id\":\"http:\/\/elpybbl.fr\/#organization\"},\"potentialAction\":[{\"@type\":\"SearchAction\",\"target\":{\"@type\":\"EntryPoint\",\"urlTemplate\":\"http:\/\/elpybbl.fr\/?s={search_term_string}\"},\"query-input\":{\"@type\":\"PropertyValueSpecification\",\"valueRequired\":true,\"valueName\":\"search_term_string\"}}],\"inLanguage\":\"fr-FR\"},{\"@type\":\"Organization\",\"@id\":\"http:\/\/elpybbl.fr\/#organization\",\"name\":\"ELPY BBL\",\"url\":\"http:\/\/elpybbl.fr\/\",\"logo\":{\"@type\":\"ImageObject\",\"inLanguage\":\"fr-FR\",\"@id\":\"http:\/\/elpybbl.fr\/#\/schema\/logo\/image\/\",\"url\":\"https:\/\/elpybbl.fr\/wp-content\/uploads\/2023\/02\/cropped-cropped-inbound9038367771345609150.jpg\",\"contentUrl\":\"https:\/\/elpybbl.fr\/wp-content\/uploads\/2023\/02\/cropped-cropped-inbound9038367771345609150.jpg\",\"width\":512,\"height\":512,\"caption\":\"ELPY BBL\"},\"image\":{\"@id\":\"http:\/\/elpybbl.fr\/#\/schema\/logo\/image\/\"}}]}<\/script>\n<!-- \/ Yoast SEO plugin. -->","yoast_head_json":{"title":"Classement Seniors 3 - ELPY BBL","robots":{"index":"index","follow":"follow","max-snippet":"max-snippet:-1","max-image-preview":"max-image-preview:large","max-video-preview":"max-video-preview:-1"},"canonical":"http:\/\/elpybbl.fr\/index.php\/classement-senior-3\/","og_locale":"fr_FR","og_type":"article","og_title":"Classement Seniors 3 - ELPY BBL","og_description":"L&#8217;\u00e9quipe 3 de L&#8217;ELPY \u00e9volue en d\u00e9partemental 4 et est dirig\u00e9e par Cyril CUBERTAFON. Contact : seniors3@elpybbl.fr","og_url":"http:\/\/elpybbl.fr\/index.php\/classement-senior-3\/","og_site_name":"ELPY BBL","article_modified_time":"2023-05-24T19:24:34+00:00","twitter_card":"summary_large_image","schema":{"@context":"https:\/\/schema.org","@graph":[{"@type":"WebPage","@id":"http:\/\/elpybbl.fr\/index.php\/classement-senior-3\/","url":"http:\/\/elpybbl.fr\/index.php\/classement-senior-3\/","name":"Classement Seniors 3 - ELPY BBL","isPartOf":{"@id":"http:\/\/elpybbl.fr\/#website"},"datePublished":"2023-03-16T15:13:42+00:00","dateModified":"2023-05-24T19:24:34+00:00","breadcrumb":{"@id":"http:\/\/elpybbl.fr\/index.php\/classement-senior-3\/#breadcrumb"},"inLanguage":"fr-FR","potentialAction":[{"@type":"ReadAction","target":["http:\/\/elpybbl.fr\/index.php\/classement-senior-3\/"]}]},{"@type":"BreadcrumbList","@id":"http:\/\/elpybbl.fr\/index.php\/classement-senior-3\/#breadcrumb","itemListElement":[{"@type":"ListItem","position":1,"name":"Accueil","item":"http:\/\/elpybbl.fr\/"},{"@type":"ListItem","position":2,"name":"Classement Seniors 3"}]},{"@type":"WebSite","@id":"http:\/\/elpybbl.fr\/#website","url":"http:\/\/elpybbl.fr\/","name":"ELPY BBL","description":"Site officiel du club de l&#039;Elan Pyr\u00e9n\u00e9en","publisher":{"@id":"http:\/\/elpybbl.fr\/#organization"},"potentialAction":[{"@type":"SearchAction","target":{"@type":"EntryPoint","urlTemplate":"http:\/\/elpybbl.fr\/?s={search_term_string}"},"query-input":{"@type":"PropertyValueSpecification","valueRequired":true,"valueName":"search_term_string"}}],"inLanguage":"fr-FR"},{"@type":"Organization","@id":"http:\/\/elpybbl.fr\/#organization","name":"ELPY BBL","url":"http:\/\/elpybbl.fr\/","logo":{"@type":"ImageObject","inLanguage":"fr-FR","@id":"http:\/\/elpybbl.fr\/#\/schema\/logo\/image\/","url":"https:\/\/elpybbl.fr\/wp-content\/uploads\/2023\/02\/cropped-cropped-inbound9038367771345609150.jpg","contentUrl":"https:\/\/elpybbl.fr\/wp-content\/uploads\/2023\/02\/cropped-cropped-inbound9038367771345609150.jpg","width":512,"height":512,"caption":"ELPY BBL"},"image":{"@id":"http:\/\/elpybbl.fr\/#\/schema\/logo\/image\/"}}]}},"_links":{"self":[{"href":"https:\/\/elpybbl.fr\/index.php\/wp-json\/wp\/v2\/pages\/70","targetHints":{"allow":["GET"]}}],"collection":[{"href":"https:\/\/elpybbl.fr\/index.php\/wp-json\/wp\/v2\/pages"}],"about":[{"href":"https:\/\/elpybbl.fr\/index.php\/wp-json\/wp\/v2\/types\/page"}],"author":[{"embeddable":true,"href":"https:\/\/elpybbl.fr\/index.php\/wp-json\/wp\/v2\/users\/2"}],"replies":[{"embeddable":true,"href":"https:\/\/elpybbl.fr\/index.php\/wp-json\/wp\/v2\/comments?post=70"}],"version-history":[{"count":7,"href":"https:\/\/elpybbl.fr\/index.php\/wp-json\/wp\/v2\/pages\/70\/revisions"}],"predecessor-version":[{"id":230,"href":"https:\/\/elpybbl.fr\/index.php\/wp-json\/wp\/v2\/pages\/70\/revisions\/230"}],"wp:attachment":[{"href":"https:\/\/elpybbl.fr\/index.php\/wp-json\/wp\/v2\/media?parent=70"}],"curies":[{"name":"wp","href":"https:\/\/api.w.org\/{rel}","templated":true}]}}