{"id":72,"date":"2023-03-16T16:21:13","date_gmt":"2023-03-16T15:21:13","guid":{"rendered":"https:\/\/elpybbl.fr\/?page_id=72"},"modified":"2023-03-16T16:34:36","modified_gmt":"2023-03-16T15:34:36","slug":"classement-u19","status":"publish","type":"page","link":"https:\/\/elpybbl.fr\/index.php\/classement-u19\/","title":{"rendered":"Classement U19"},"content":{"rendered":"<p><iframe id=\"632464451cf5e86520a9b745\" height=\"300\" src=\"https:\/\/scorenco.com\/widget\/632464451cf5e86520a9b745\/\" style=\"display: block; width: 100%; overflow: auto; margin: auto; border-width: 0px;\"><\/iframe><a style=\"font-size:11px\" target=\"_blank\" href=\"https:\/\/scorenco.com\/football\/clubs\/elan-pyreneen-bazet-borderes-lagarde\/\" rel=\"noopener\">Elan Pyr\u00e9n\u00e9en Bazet Bord\u00e8res Lagarde sur Score&#8217;n&#8217;co<\/a><\/p>\n\n\n\n<p>L&#8217;\u00e9quipe U19 de l&#8217;\u00e9lan pyr\u00e9n\u00e9en est dirig\u00e9e par Julien MAUHOURAT et Nikolas BEULAYGUE.<\/p>\n\n\n\n<p>Contact : U19@elpybbl.fr<\/p>\n","protected":false},"excerpt":{"rendered":"<p>L&#8217;\u00e9quipe U19 de l&#8217;\u00e9lan pyr\u00e9n\u00e9en est dirig\u00e9e par Julien MAUHOURAT et Nikolas BEULAYGUE. Contact : U19@elpybbl.fr<\/p>\n","protected":false},"author":2,"featured_media":0,"parent":0,"menu_order":0,"comment_status":"closed","ping_status":"closed","template":"","meta":{"footnotes":""},"class_list":["post-72","page","type-page","status-publish","hentry"],"yoast_head":"<!-- This site is optimized with the Yoast SEO plugin v26.5 - https:\/\/yoast.com\/wordpress\/plugins\/seo\/ -->\n<title>Classement U19 - ELPY BBL<\/title>\n<meta name=\"robots\" content=\"index, follow, max-snippet:-1, max-image-preview:large, max-video-preview:-1\" \/>\n<link rel=\"canonical\" href=\"https:\/\/elpybbl.fr\/index.php\/classement-u19\/\" \/>\n<meta property=\"og:locale\" content=\"fr_FR\" \/>\n<meta property=\"og:type\" content=\"article\" \/>\n<meta property=\"og:title\" content=\"Classement U19 - ELPY BBL\" \/>\n<meta property=\"og:description\" content=\"L&#8217;\u00e9quipe U19 de l&#8217;\u00e9lan pyr\u00e9n\u00e9en est dirig\u00e9e par Julien MAUHOURAT et Nikolas BEULAYGUE. Contact : U19@elpybbl.fr\" \/>\n<meta property=\"og:url\" content=\"https:\/\/elpybbl.fr\/index.php\/classement-u19\/\" \/>\n<meta property=\"og:site_name\" content=\"ELPY BBL\" \/>\n<meta property=\"article:modified_time\" content=\"2023-03-16T15:34:36+00:00\" \/>\n<meta name=\"twitter:card\" content=\"summary_large_image\" \/>\n<script type=\"application\/ld+json\" class=\"yoast-schema-graph\">{\"@context\":\"https:\/\/schema.org\",\"@graph\":[{\"@type\":\"WebPage\",\"@id\":\"https:\/\/elpybbl.fr\/index.php\/classement-u19\/\",\"url\":\"https:\/\/elpybbl.fr\/index.php\/classement-u19\/\",\"name\":\"Classement U19 - ELPY BBL\",\"isPartOf\":{\"@id\":\"http:\/\/elpybbl.fr\/#website\"},\"datePublished\":\"2023-03-16T15:21:13+00:00\",\"dateModified\":\"2023-03-16T15:34:36+00:00\",\"breadcrumb\":{\"@id\":\"https:\/\/elpybbl.fr\/index.php\/classement-u19\/#breadcrumb\"},\"inLanguage\":\"fr-FR\",\"potentialAction\":[{\"@type\":\"ReadAction\",\"target\":[\"https:\/\/elpybbl.fr\/index.php\/classement-u19\/\"]}]},{\"@type\":\"BreadcrumbList\",\"@id\":\"https:\/\/elpybbl.fr\/index.php\/classement-u19\/#breadcrumb\",\"itemListElement\":[{\"@type\":\"ListItem\",\"position\":1,\"name\":\"Accueil\",\"item\":\"http:\/\/elpybbl.fr\/\"},{\"@type\":\"ListItem\",\"position\":2,\"name\":\"Classement U19\"}]},{\"@type\":\"WebSite\",\"@id\":\"http:\/\/elpybbl.fr\/#website\",\"url\":\"http:\/\/elpybbl.fr\/\",\"name\":\"ELPY BBL\",\"description\":\"Site officiel du club de l&#039;Elan Pyr\u00e9n\u00e9en\",\"publisher\":{\"@id\":\"http:\/\/elpybbl.fr\/#organization\"},\"potentialAction\":[{\"@type\":\"SearchAction\",\"target\":{\"@type\":\"EntryPoint\",\"urlTemplate\":\"http:\/\/elpybbl.fr\/?s={search_term_string}\"},\"query-input\":{\"@type\":\"PropertyValueSpecification\",\"valueRequired\":true,\"valueName\":\"search_term_string\"}}],\"inLanguage\":\"fr-FR\"},{\"@type\":\"Organization\",\"@id\":\"http:\/\/elpybbl.fr\/#organization\",\"name\":\"ELPY BBL\",\"url\":\"http:\/\/elpybbl.fr\/\",\"logo\":{\"@type\":\"ImageObject\",\"inLanguage\":\"fr-FR\",\"@id\":\"http:\/\/elpybbl.fr\/#\/schema\/logo\/image\/\",\"url\":\"https:\/\/elpybbl.fr\/wp-content\/uploads\/2023\/02\/cropped-cropped-inbound9038367771345609150.jpg\",\"contentUrl\":\"https:\/\/elpybbl.fr\/wp-content\/uploads\/2023\/02\/cropped-cropped-inbound9038367771345609150.jpg\",\"width\":512,\"height\":512,\"caption\":\"ELPY BBL\"},\"image\":{\"@id\":\"http:\/\/elpybbl.fr\/#\/schema\/logo\/image\/\"}}]}<\/script>\n<!-- \/ Yoast SEO plugin. -->","yoast_head_json":{"title":"Classement U19 - ELPY BBL","robots":{"index":"index","follow":"follow","max-snippet":"max-snippet:-1","max-image-preview":"max-image-preview:large","max-video-preview":"max-video-preview:-1"},"canonical":"https:\/\/elpybbl.fr\/index.php\/classement-u19\/","og_locale":"fr_FR","og_type":"article","og_title":"Classement U19 - ELPY BBL","og_description":"L&#8217;\u00e9quipe U19 de l&#8217;\u00e9lan pyr\u00e9n\u00e9en est dirig\u00e9e par Julien MAUHOURAT et Nikolas BEULAYGUE. Contact : U19@elpybbl.fr","og_url":"https:\/\/elpybbl.fr\/index.php\/classement-u19\/","og_site_name":"ELPY BBL","article_modified_time":"2023-03-16T15:34:36+00:00","twitter_card":"summary_large_image","schema":{"@context":"https:\/\/schema.org","@graph":[{"@type":"WebPage","@id":"https:\/\/elpybbl.fr\/index.php\/classement-u19\/","url":"https:\/\/elpybbl.fr\/index.php\/classement-u19\/","name":"Classement U19 - ELPY BBL","isPartOf":{"@id":"http:\/\/elpybbl.fr\/#website"},"datePublished":"2023-03-16T15:21:13+00:00","dateModified":"2023-03-16T15:34:36+00:00","breadcrumb":{"@id":"https:\/\/elpybbl.fr\/index.php\/classement-u19\/#breadcrumb"},"inLanguage":"fr-FR","potentialAction":[{"@type":"ReadAction","target":["https:\/\/elpybbl.fr\/index.php\/classement-u19\/"]}]},{"@type":"BreadcrumbList","@id":"https:\/\/elpybbl.fr\/index.php\/classement-u19\/#breadcrumb","itemListElement":[{"@type":"ListItem","position":1,"name":"Accueil","item":"http:\/\/elpybbl.fr\/"},{"@type":"ListItem","position":2,"name":"Classement U19"}]},{"@type":"WebSite","@id":"http:\/\/elpybbl.fr\/#website","url":"http:\/\/elpybbl.fr\/","name":"ELPY BBL","description":"Site officiel du club de l&#039;Elan Pyr\u00e9n\u00e9en","publisher":{"@id":"http:\/\/elpybbl.fr\/#organization"},"potentialAction":[{"@type":"SearchAction","target":{"@type":"EntryPoint","urlTemplate":"http:\/\/elpybbl.fr\/?s={search_term_string}"},"query-input":{"@type":"PropertyValueSpecification","valueRequired":true,"valueName":"search_term_string"}}],"inLanguage":"fr-FR"},{"@type":"Organization","@id":"http:\/\/elpybbl.fr\/#organization","name":"ELPY BBL","url":"http:\/\/elpybbl.fr\/","logo":{"@type":"ImageObject","inLanguage":"fr-FR","@id":"http:\/\/elpybbl.fr\/#\/schema\/logo\/image\/","url":"https:\/\/elpybbl.fr\/wp-content\/uploads\/2023\/02\/cropped-cropped-inbound9038367771345609150.jpg","contentUrl":"https:\/\/elpybbl.fr\/wp-content\/uploads\/2023\/02\/cropped-cropped-inbound9038367771345609150.jpg","width":512,"height":512,"caption":"ELPY BBL"},"image":{"@id":"http:\/\/elpybbl.fr\/#\/schema\/logo\/image\/"}}]}},"_links":{"self":[{"href":"https:\/\/elpybbl.fr\/index.php\/wp-json\/wp\/v2\/pages\/72","targetHints":{"allow":["GET"]}}],"collection":[{"href":"https:\/\/elpybbl.fr\/index.php\/wp-json\/wp\/v2\/pages"}],"about":[{"href":"https:\/\/elpybbl.fr\/index.php\/wp-json\/wp\/v2\/types\/page"}],"author":[{"embeddable":true,"href":"https:\/\/elpybbl.fr\/index.php\/wp-json\/wp\/v2\/users\/2"}],"replies":[{"embeddable":true,"href":"https:\/\/elpybbl.fr\/index.php\/wp-json\/wp\/v2\/comments?post=72"}],"version-history":[{"count":3,"href":"https:\/\/elpybbl.fr\/index.php\/wp-json\/wp\/v2\/pages\/72\/revisions"}],"predecessor-version":[{"id":119,"href":"https:\/\/elpybbl.fr\/index.php\/wp-json\/wp\/v2\/pages\/72\/revisions\/119"}],"wp:attachment":[{"href":"https:\/\/elpybbl.fr\/index.php\/wp-json\/wp\/v2\/media?parent=72"}],"curies":[{"name":"wp","href":"https:\/\/api.w.org\/{rel}","templated":true}]}}